{"id":84,"date":"2024-06-14T00:23:55","date_gmt":"2024-06-14T00:23:55","guid":{"rendered":"http:\/\/editorialguillermina.com.ar\/?page_id=84"},"modified":"2024-11-06T15:14:27","modified_gmt":"2024-11-06T15:14:27","slug":"facultad-de-mis-suenos","status":"publish","type":"page","link":"https:\/\/editorialguillermina.com.ar\/index.php\/facultad-de-mis-suenos\/","title":{"rendered":"FACULTAD DE MIS SUE\u00d1OS"},"content":{"rendered":"<p style=\"text-align: justify;\">Facultad de Mis Sue\u00f1os es una obra de un joven de 17 a\u00f1os nativo de Chilecito, La Rioja Argentina, quien, ante la imposibilidad de sus padres de enviarlo a continuar sus estudios universitarios, se inscribe en el entonces Consejo Nacional de Educaci\u00f3n, diciembre de 1961, como flamante Maestro Normal Nacional egresado de la Escuela Normal Mixta \u201cJoaqu\u00edn V. Gonz\u00e1lez\u201d de Chilecito, La Rioja, para aspirar a un cargo de Maestro de Grado en la provincia de La Rioja.<\/p>\n<p style=\"text-align: justify;\">Es hijo del poeta Alberto Gabriel Ocampo, nativo de Sa\u00f1ogasta, Chilecito, La Rioja y de Guillermina Soprano Galea, nativa de San Agust\u00edn, Balcarce, Buenos Aires.<\/p>\n<p style=\"text-align: justify;\">Es designado Maestro de Grado Interino en la localidad de Pagancillo, Departamento de Coronel Felipe Varela, La Rioja.<\/p>\n<p style=\"text-align: justify;\">All\u00ed durante1962, inicia su actividad laboral so\u00f1ando cada instante con la posibilidad de realizar sus estudios universitarios para ser Ingeniero en Telecomunicaciones, lo que concreta en la Universidad Nacional de La Plata.<\/p>\n<p style=\"text-align: justify;\">En la ciudad de La Plata forma su familia con Meri Paula Mar\u00eda Bertoncini en cuyo seno nacen cuatro hijos: Lisa Guillermina Mar\u00eda, Marina Paula Gabriela, Mat\u00edas Guillermo Gabriel y Laura Rita Natalia.<\/p>\n<p style=\"text-align: justify;\">Ya jubilado como Profesor en la Universidad Nacional de La Plata y como Profesional en el Consejo Nacional de Investigaciones Cient\u00edficas y T\u00e9cnicas, contin\u00faa sus actividades literarias y crea su propia editorial que denomina Guillermina en memoria y como un homenaje a su madre.<\/p>\n<p style=\"text-align: justify;\">Asimismo estudia abogac\u00eda en la Universidad Nacional de Chilecito, La Rioja y sigue con sus actividades profesionales independientes.<\/p>\n<p style=\"text-align: justify;\"><strong>Algunos fragmentos de \u201cFacultad de Mis Sue\u00f1os\u201d, primera obra editada por Editorial Guillermina:<\/strong><\/p>\n<p><a href=\"http:\/\/editorialguillermina.com.ar\/wp-content\/uploads\/2024\/08\/filomenoentrada.jpeg\"><img loading=\"lazy\" decoding=\"async\" class=\"size-full wp-image-122 aligncenter\" src=\"http:\/\/editorialguillermina.com.ar\/wp-content\/uploads\/2024\/08\/filomenoentrada.jpeg\" alt=\"\" width=\"437\" height=\"569\" srcset=\"https:\/\/editorialguillermina.com.ar\/wp-content\/uploads\/2024\/08\/filomenoentrada.jpeg 437w, https:\/\/editorialguillermina.com.ar\/wp-content\/uploads\/2024\/08\/filomenoentrada-230x300.jpeg 230w\" sizes=\"auto, (max-width: 437px) 100vw, 437px\" \/><\/a><\/p>\n<p style=\"text-align: justify;\"><strong>Ocampo, Jes\u00fas Mat\u00edas Filomeno Facultad de mis sue\u00f1os \/ Jes\u00fas Mat\u00edas Filomeno Ocampo. &#8211; 1a ed. &#8211; Chilecito: Jes\u00fas Mat\u00edas Filomeno Ocampo, 2023. 99 p. ; 21 x 15 cm. ISBN 978-631-00-2202-4 1. Estudios. 2. Biograf\u00edas. 3. Cuentos. I. T\u00edtulo. CDD 808.883 Hecho el dep\u00f3sito que establece la Ley 11.723 Impreso en Argentina Prohibida su reproducci\u00f3n total o parcial sin autorizaci\u00f3n del autor. \u00a9 2023, Jes\u00fas Mat\u00edas Filomeno Ocampo Dibujo de la Portada Interior: Laura Rita Natalia Ocampo (10 a\u00f1os) Fotos tapa y contratapa: Anselmo Rocaforte Fotos del interior: Albumes familiares.<\/strong><\/p>\n<ul style=\"text-align: justify;\">\n<li><strong>Del Escritor Atilio Milanta<\/strong><\/li>\n<\/ul>\n<p style=\"text-align: justify;\"><strong>Inicia su escolio diciendo: (p\u00e1gina 6)<\/strong><\/p>\n<p style=\"text-align: justify;\"><strong>\u201c<\/strong>Este libro que, en realidad, le\u00ed dos veces (una, cuando el autor me hizo entrega del mismo la ma\u00f1ana del pasado jueves 14 de noviembre, oportunidad en que me diera entera relaci\u00f3n de su contenido, p\u00e1gina por p\u00e1gina; y la otra, la que efectu\u00e9, l\u00ednea por l\u00ednea y vocablo por vocablo, desde entonces hasta hoy s\u00e1bado 16 del mismo mes del a\u00f1o 2002), es leg\u00edtimo acreedor de un pr\u00f3logo que me fuera solicitado con la humildad de la voz baja o tenue del que realmente lo desea (y que, para m\u00ed, merece). Pero, el tal \u201cpr\u00f3logo\u201d (prologus, proloquium, proemium, prefatium, o como quiera llam\u00e1rsele), siempre, o casi siempre, suele ser eso que se escribe \u00faltimo, lo que va al principio de un libro, y finalmente, lo que nadie lee. Advertido del tal angelical riesgo, prefer\u00ed intuitivamente llamar la atenci\u00f3n con la castiza voz \u201cescolio\u201d (scholium), la que infiere s\u00f3lo un leve comentario con el prop\u00f3sito de exponer algunas reflexiones sobre un buen libro que, en cuarta edici\u00f3n, debe publicarse y que es preciso leer. Con placer y beneficio. \u00a1Casi nada ante tanto mamotreto o plagiaria literatura sin sentido, sentimiento, \u00e9tica ni est\u00e9tica, que s\u00f3lo acrece el mercado librero con la \u00fanica finalidad venal de librer\u00eda!\u201d<\/p>\n<p style=\"text-align: justify;\"><strong>Y lo concluye as\u00ed: (p\u00e1gina 10)<\/strong><\/p>\n<p style=\"text-align: justify;\">\u201cLo de la brevedad que mencion\u00e9 ab initio no quedar\u00e1 desvirtuado si, finalmente, me permito un otro s\u00ed digo, ya no al estilo forense de mis afectos, sino referido a la intimidad familiar de Ocampo, en alusi\u00f3n a sus padres, sus hermanos, la dedicatoria a sus hijos y cuantos otros seres que la mentada nostalgia trae a estas p\u00e1ginas del testimonio y la verdad, las que se al\u00ednean en un libro que, sin duda, como todos los buenos libros, no s\u00f3lo se \u201cagotan\u201d pronto, sino que sobrevivir\u00e1 c\u00f3modamente a su autor. No son aquellos que han menester de los \u201cempujones\u201d de vidrieras o librer\u00edas, como los de ciertos autores que est\u00e1n de \u201cmoda\u201d, porque simplemente lo est\u00e1n. Estas p\u00e1ginas de hoy merecen y tendr\u00e1n la perdurabilidad inevitable para que las futuras generaciones sepan de un \u201cchango\u201d que no vivi\u00f3 de balde. Sinti\u00f3, mir\u00f3, anduvo, escuch\u00f3, aprendi\u00f3 y ense\u00f1\u00f3. Es decir, am\u00f3.\u201d<\/p>\n<p><a href=\"http:\/\/editorialguillermina.com.ar\/wp-content\/uploads\/2024\/06\/FIRMAATILIOMILANTA.jpg\"><img loading=\"lazy\" decoding=\"async\" class=\"size-full wp-image-116 aligncenter\" src=\"http:\/\/editorialguillermina.com.ar\/wp-content\/uploads\/2024\/06\/FIRMAATILIOMILANTA.jpg\" alt=\"\" width=\"482\" height=\"215\" srcset=\"https:\/\/editorialguillermina.com.ar\/wp-content\/uploads\/2024\/06\/FIRMAATILIOMILANTA.jpg 482w, https:\/\/editorialguillermina.com.ar\/wp-content\/uploads\/2024\/06\/FIRMAATILIOMILANTA-300x134.jpg 300w\" sizes=\"auto, (max-width: 482px) 100vw, 482px\" \/><\/a><\/p>\n<p style=\"text-align: justify;\"><strong>2- Agrimensor Ernesto Cela (p\u00e1gina 16)<\/strong><\/p>\n<p style=\"text-align: justify;\">\u201cLa presente edici\u00f3n, producto de una iniciativa del Agrimensor Ernesto Cela, Profesor de esta Casa, ser\u00e1 entregada a cada alumna\/o que ingresa a nuestra Facultad de Ingenier\u00eda de la UNLP con el prop\u00f3sito, seg\u00fan se\u00f1ala en su pedido, de que: &#8230;\u201cmuchos aprendan a valorizar su presente mientras transcurre, recibiendo de manera quiz\u00e1 impensada un aliento humanista, a partir de la obra de un autor al que no conoc\u00edan y a trav\u00e9s de autoridades que al donarlo, agregan al m\u00e9rito de sus valores t\u00e9cnicos el proveniente de producir aliento espiritual para sus disc\u00edpulos\u201d.<\/p>\n<p style=\"text-align: justify;\">\u201cUn don de la calidad citada, ser\u00e1 en manos de nuestros alumnos, un sello de compromiso para transformar el mundo, para que se cumpla el verso de Capdevila: Ya nos dijeron que el mundo es malo \u00a1Por obra nuestra ser\u00e1 mejor!\u201d (Himno de la Universidad Nacional de La Plata)\u201d<\/p>\n<ul style=\"text-align: justify;\">\n<li><strong>El S\u00edmbolo de la Universidad Nacional de La Plata (P\u00e1gina 87)<\/strong><\/li>\n<\/ul>\n<p style=\"text-align: justify;\">\u00a0Estas hojas de roble son el emblema de la Universidad Nacional de La Plata ideado por Joaqu\u00edn V. Gonz\u00e1lez por ser el roble s\u00edmbolo de firmeza, de vigor, de severidad y de perennidad.<\/p>\n<p style=\"text-align: justify;\">Fue dise\u00f1ado por el Profesor Enrique Herrero Ducloux en 1906. De acuerdo a la mitolog\u00eda griega el roble es el \u00e1rbol consagrado a Zeus, y por lo tanto, directamente relacionado con Pallas Atenea, diosa de la Sabidur\u00eda, la Ciencia, el Arte y la Industria<\/p>\n<p><a href=\"http:\/\/editorialguillermina.com.ar\/wp-content\/uploads\/2024\/06\/HOJASDEROBLE.jpeg\"><img loading=\"lazy\" decoding=\"async\" class=\"size-full wp-image-117 aligncenter\" src=\"http:\/\/editorialguillermina.com.ar\/wp-content\/uploads\/2024\/06\/HOJASDEROBLE.jpeg\" alt=\"\" width=\"377\" height=\"437\" srcset=\"https:\/\/editorialguillermina.com.ar\/wp-content\/uploads\/2024\/06\/HOJASDEROBLE.jpeg 377w, https:\/\/editorialguillermina.com.ar\/wp-content\/uploads\/2024\/06\/HOJASDEROBLE-259x300.jpeg 259w\" sizes=\"auto, (max-width: 377px) 100vw, 377px\" \/><\/a><\/p>\n<ul style=\"text-align: justify;\">\n<li><strong>Poema (P\u00e1gina 90)<\/strong><\/li>\n<\/ul>\n<p style=\"text-align: justify;\">DESPEDIDA Estimda\/o alumna\/o y futura\/o colega: He querido contarte mis vivencias en nuestra Facultad. Y tambi\u00e9n dejarte un pedazo de mis emociones. Por ello agrego, con emoci\u00f3n y orgullo, algo que mi hijo Mat\u00edas Guillermo Gabriel, veinte a\u00f1os, estudiante de ingenier\u00eda como t\u00fa, me regal\u00f3 para uno de mis cumplea\u00f1os:<\/p>\n<p style=\"text-align: justify;\"><strong>CHANGUITO VUELTERO<\/strong><\/p>\n<p style=\"text-align: justify;\">Desde chico te inculcaron el respeto<\/p>\n<p style=\"text-align: justify;\">hacia los dem\u00e1s y que deb\u00edas honrar<\/p>\n<p style=\"text-align: justify;\">en todo momento a tu apellido:<\/p>\n<p style=\"text-align: justify;\">OCAMPO<\/p>\n<p style=\"text-align: justify;\">Hoy ya cumpl\u00eds 54 primaveras y<\/p>\n<p style=\"text-align: justify;\">como dicen m\u00e1s viejo, m\u00e1s pesado<\/p>\n<p style=\"text-align: justify;\"><u>este es tu caso&#8230;. <\/u><\/p>\n<p style=\"text-align: justify;\">JES\u00daS<\/p>\n<p style=\"text-align: justify;\">A pesar de ello y de que por la calle<\/p>\n<p style=\"text-align: justify;\">andas con \u201ccara de perro\u201d por naturaleza,<\/p>\n<p style=\"text-align: justify;\">se puede ver el carisma que llevas dentro tuyo<\/p>\n<p style=\"text-align: justify;\">MAT\u00cdAS<\/p>\n<p style=\"text-align: justify;\">Cambiando de tema, te deseo un muy<\/p>\n<p style=\"text-align: justify;\">feliz cumplea\u00f1os y que te vaya re bien<\/p>\n<p style=\"text-align: justify;\">En todos tus <u>microemprendimientos<\/u><\/p>\n<p style=\"text-align: justify;\">FILOMENO<\/p>\n<p style=\"text-align: justify;\">Desde aqu\u00ed, tu hijo Mat\u00edas&#8230;<\/p>\n<p style=\"text-align: justify;\">La Plata, 30 de Enero de 1999.<\/p>\n<ul style=\"text-align: justify;\">\n<li><strong>Comentario (P\u00e1gina 98)<\/strong><\/li>\n<\/ul>\n<p style=\"text-align: justify;\"><strong>FACULTAD DE MIS SUE\u00d1OS<\/strong> de Jes\u00fas Mat\u00edas Filomeno Ocampo es un l\u00edrico retazo de vida, una memoria latente y siempre espiritualmente amante que recorre el tiempo transcurrido desde la infancia chilecite\u00f1a del Ingeniero Ocampo hasta su inserci\u00f3n en la Universidad Nacional de La Plata, donde cursa estudios y donde, indudablemente encuentra el justo habitat para el desarrollo de sus objetivos. El libro no abandona el tono hondo de las evocaciones y encontramos desde un vocabulario regional hasta la letra del Himno de la Universidad Nacional de La Plata. Todos los recuerdos que nutren el libro fluyen con naturalidad y emoci\u00f3n. Nos llevan a revivir junto al autor los momentos juveniles, su experiencia rica en matices y en sensaciones. Hay como un tel\u00f3n de fondo que se presiente en cada palabra y es la presencia del padre poeta, Don Alberto Gabriel Ocampo, del que encontramos un poema manuscripto, celosamente guardado por el autor y dedicado a su cumplea\u00f1os n\u00famero veinte. La presencia de Don Alberto y de su familia est\u00e1 inscripta en cada letra, en cada vivencia. <strong>FACULTAD DE MIS SUE\u00d1OS<\/strong> es, indudablemente, un libro para celebrar, para sentir con emoci\u00f3n, simplemente y desde las profundidades de nuestro propio ser.<\/p>\n<p style=\"text-align: justify;\"><strong>Luc\u00eda Carmona En Chilecito, La Rioja, en Noviembre del 2.002<\/strong><\/p>\n<p style=\"text-align: center;\"><img loading=\"lazy\" decoding=\"async\" class=\"aligncenter wp-image-113 size-large\" src=\"http:\/\/editorialguillermina.com.ar\/wp-content\/uploads\/2024\/06\/JESUS-780x1024.jpg\" alt=\"\" width=\"780\" height=\"1024\" srcset=\"https:\/\/editorialguillermina.com.ar\/wp-content\/uploads\/2024\/06\/JESUS-780x1024.jpg 780w, https:\/\/editorialguillermina.com.ar\/wp-content\/uploads\/2024\/06\/JESUS-228x300.jpg 228w, https:\/\/editorialguillermina.com.ar\/wp-content\/uploads\/2024\/06\/JESUS-768x1009.jpg 768w, https:\/\/editorialguillermina.com.ar\/wp-content\/uploads\/2024\/06\/JESUS.jpg 926w\" sizes=\"auto, (max-width: 780px) 100vw, 780px\" \/><img loading=\"lazy\" decoding=\"async\" class=\"size-full wp-image-118 aligncenter\" src=\"http:\/\/editorialguillermina.com.ar\/wp-content\/uploads\/2024\/06\/BICICLETAFACULTAD.jpeg\" alt=\"\" width=\"388\" height=\"527\" srcset=\"https:\/\/editorialguillermina.com.ar\/wp-content\/uploads\/2024\/06\/BICICLETAFACULTAD.jpeg 388w, https:\/\/editorialguillermina.com.ar\/wp-content\/uploads\/2024\/06\/BICICLETAFACULTAD-221x300.jpeg 221w\" sizes=\"auto, (max-width: 388px) 100vw, 388px\" \/><strong>LA BICICLETA:<\/strong> Foto tomada en el patio de la casa grande en 1940.<br \/>\nIzquierda: Alberto Guillermo Luis (Beto). Sentado: Samuel Feliz<br \/>\n\u00c1ngel (Chamelo) y Derecha: Florencio Ignacio Francisco (Polo)<\/p>\n<p>&nbsp;<\/p>\n<p>Puede solicitar un ejemplar tanto f\u00edsico como digital en en siguiente <a href=\"https:\/\/wa.me\/5493825525996\">link<\/a>, o por medio de correo electronico a: jmfocampo@gmail.com y tenga en cuenta que debe poseer en su pc o celular un lector Epub o lector de formato pdf. Tambien puede comprar en CASA C\u00c1RREGA y REGIONALES GIM\u00c9NEZ, Dr. Santiago Baz\u00e1n y Zelada y D\u00e1vila.<\/p>\n","protected":false},"excerpt":{"rendered":"<p>Facultad de Mis Sue\u00f1os es una obra de un joven de 17 a\u00f1os nativo de Chilecito, La Rioja Argentina, quien, ante la imposibilidad de sus padres de enviarlo a continuar sus estudios universitarios, se inscribe en el entonces Consejo Nacional de Educaci\u00f3n, diciembre de 1961, como flamante Maestro Normal Nacional egresado de la Escuela Normal [&hellip;]<\/p>\n","protected":false},"author":1,"featured_media":0,"parent":0,"menu_order":0,"comment_status":"closed","ping_status":"closed","template":"","meta":{"footnotes":""},"class_list":["post-84","page","type-page","status-publish","hentry"],"_links":{"self":[{"href":"https:\/\/editorialguillermina.com.ar\/index.php\/wp-json\/wp\/v2\/pages\/84","targetHints":{"allow":["GET"]}}],"collection":[{"href":"https:\/\/editorialguillermina.com.ar\/index.php\/wp-json\/wp\/v2\/pages"}],"about":[{"href":"https:\/\/editorialguillermina.com.ar\/index.php\/wp-json\/wp\/v2\/types\/page"}],"author":[{"embeddable":true,"href":"https:\/\/editorialguillermina.com.ar\/index.php\/wp-json\/wp\/v2\/users\/1"}],"replies":[{"embeddable":true,"href":"https:\/\/editorialguillermina.com.ar\/index.php\/wp-json\/wp\/v2\/comments?post=84"}],"version-history":[{"count":10,"href":"https:\/\/editorialguillermina.com.ar\/index.php\/wp-json\/wp\/v2\/pages\/84\/revisions"}],"predecessor-version":[{"id":213,"href":"https:\/\/editorialguillermina.com.ar\/index.php\/wp-json\/wp\/v2\/pages\/84\/revisions\/213"}],"wp:attachment":[{"href":"https:\/\/editorialguillermina.com.ar\/index.php\/wp-json\/wp\/v2\/media?parent=84"}],"curies":[{"name":"wp","href":"https:\/\/api.w.org\/{rel}","templated":true}]}}