{"id":271,"date":"2025-05-07T12:05:37","date_gmt":"2025-05-07T12:05:37","guid":{"rendered":"https:\/\/editorialguillermina.com.ar\/?page_id=271"},"modified":"2025-06-04T14:16:31","modified_gmt":"2025-06-04T14:16:31","slug":"la-editorial","status":"publish","type":"page","link":"https:\/\/editorialguillermina.com.ar\/index.php\/la-editorial\/","title":{"rendered":"LA EDITORIAL"},"content":{"rendered":"<p style=\"text-align: center;\"><strong>JES\u00daS MAT\u00cdAS FILOMENO OCAMPO<\/strong><\/p>\n<p style=\"text-align: center;\"><strong>SU BIOGRAFIA<\/strong><\/p>\n<p style=\"text-align: justify;\">\u00a0\u00a0Nace en la ciudad de Chilecito, La Rioja, Argentina, el 30 de enero de 1945. Es Maestro Normal Nacional egresado de la Escuela Normal Mixta \u201cJoaqu\u00edn V. Gonz\u00e1lez\u201d de su ciudad natal. Es Ingeniero en Telecomunicaciones egresado de la Universidad Nacional de La Plata. Es estudiante de Abogac\u00eda en la Universidad Nacional de Chilecito.<\/p>\n<p style=\"text-align: justify;\">\u00a0Inici\u00f3 su carrera docente a los 17 a\u00f1os como Maestro Interino de Grado en la Escuela Nacional de Pagancillo, actual Departamento Coronel Felipe Varela, La Rioja. Trabaj\u00f3 como Maestro en la Escuela San Cayetano de La Plata y en escuelas secundarias provinciales de esa ciudad y en el Instituto San Cayetano, como Profesor, mientras cursaba sus estudios universitarios que inicia a los 18 a\u00f1os.<\/p>\n<p style=\"text-align: justify;\">Ya Ingeniero, sigue su carrera docente en la Facultad de Ingenier\u00eda de la Universidad Nacional de La Plata desde Ayudante Alumno hasta Profesor Adjunto por concurso en la c\u00e1tedra \u201cArquitectura de Sistemas de C\u00f3mputos\u201d de la carrera de Ingenier\u00eda Electr\u00f3nica. Es adem\u00e1s Secretario de Asuntos Estudiantiles y Gerente de la Fundaci\u00f3n de la Facultad de Ingenier\u00eda para la Transferencia de Tecnolog\u00eda y la Promoci\u00f3n de Empresas de Bienes y Servicios.<\/p>\n<p style=\"text-align: justify;\">\u00a0Ingresa al Consejo Nacional de Investigaciones Cient\u00edficas y T\u00e9cnicas (CONICET) como Profesional de Apoyo en las \u00e1reas de Microelectr\u00f3nica y de Arquitectura de los Sistemas de C\u00f3mputo, con lugar de trabajo en el Centro de T\u00e9cnicas Anal\u00f3gicas y Digitales (CeTAD), tambi\u00e9n de la Facultad de Ingenier\u00eda de la UNLP.<\/p>\n<p style=\"text-align: justify;\">\u00a0Representa a nuestro pa\u00eds, desde sus actividades en la UNLP, en Francia, Espa\u00f1a, Portugal, \u00a0Italia, Brasil y en numerosas universidades nacionales y privadas de nuestro pa\u00eds. Se jubila, despu\u00e9s de 45 a\u00f1os y siete meses de aportes, como Profesor de la UNLP y Profesional del CONICET.<\/p>\n<p style=\"text-align: justify;\">\u00a0Forma su familia en La Plata con Meri Paula Mar\u00eda Bertoncini, en la que nacieron cuatro hijos: Lisa Guillermina Mar\u00eda, Marina Paula Gabriela, Mat\u00edas Guillermo Gabriel y Laura Rita Natalia. Es el creador e impulsor del Centro de Residentes Riojanos en esa ciudad.<\/p>\n<p style=\"text-align: justify;\">\u00a0A lo largo de su vida, adem\u00e1s de su pasi\u00f3n por la ciencia y la ense\u00f1anza, siempre cultiv\u00f3 un profundo amor por la m\u00fasica y la palabra. Durante su juventud integra un grupo musical junto a otros riojanos, juje\u00f1os y catamarque\u00f1os, compartiendo recitales, guitarras, zambas y amistad. Esa sensibilidad art\u00edstica, la palabra escrita, sin duda, tambi\u00e9n son un legado de su padre, Alberto Gabriel Ocampo, reconocido docente y \u00a0poeta de Chilecito.<\/p>\n<p style=\"text-align: justify;\">Paralelamente a su vida familiar y social y a sus actividades docentes, de investigaci\u00f3n y a sus cargos de conducci\u00f3n universitaria, se dedic\u00f3 a la creaci\u00f3n literaria y al periodismo. Actualmente, como escritor y periodista, sigue publicando sus libros y escribiendo art\u00edculos sobre la realidad cultural, pol\u00edtica y social de nuestro pa\u00eds, que se publican en diarios de La Rioja y Buenos Aires. Por uno de esos art\u00edculos recibi\u00f3 el PREMIO ALMAFUERTE en la ciudad de Mar de Aj\u00f3, Buenos Aires.<\/p>\n<p style=\"text-align: justify;\"><span style=\"color: #0000ff;\"><strong>Hoy, a sus 80 a\u00f1os, con el objeto de publicar las obras completas de su padre, el poeta sa\u00f1ogaste\u00f1o Alberto Gabriel Ocampo, y de facilitar la difusi\u00f3n cultural y la publicaci\u00f3n de libros de autores regionales aislados de los grandes centros urbanos, Jes\u00fas abraza con entusiasmo una nueva etapa: la de autor y editor. Funda Editorial Guillermina, como un reconocimiento y sentido homenaje a su madre gringa Guillermina Soprano Galea, con la visi\u00f3n de compartir historias, ideas y memorias que dejen huella.<\/strong><\/span><\/p>\n<p style=\"text-align: justify;\"><span style=\"color: #0000ff;\"><strong>Ya ha publicado varios libros, entre ellos, Facultad de Mis Sue\u00f1os, donde rinde homenaje al recorrido que lo form\u00f3 como profesional y como ser humano.<\/strong><\/span><\/p>\n<p style=\"text-align: justify;\"><span style=\"color: #0000ff;\"><strong>Con esta nueva aventura editorial, busca no solo publicar obras propias, sino tambi\u00e9n la trascendental obra completa de su padre y al mismo tiempo abrir un espacio para voces nuevas y necesarias, aquellas que no se escuchan ni se leen m\u00e1s all\u00e1 de su espacio vivencial, aportando desde la experiencia y el coraz\u00f3n al mundo de los libros.<\/strong><\/span><\/p>\n<p style=\"text-align: justify;\"><span style=\"color: #0000ff;\"><strong>Asimismo, desarrolla actividades profesionales independientes en sus \u00e1reas de especializaci\u00f3n.<\/strong><\/span><\/p>\n<p style=\"text-align: justify;\"><strong><span style=\"color: #0000ff;\">Alterna estas actividades en las ciudades de Chilecito (La Rioja), Luj\u00e1n de Cuyo (Mendoza), Ciudad Aut\u00f3noma de Buenos Aires y La Plata (Buenos Aires).<\/span><\/strong><\/p>\n<p style=\"text-align: justify;\"><img loading=\"lazy\" decoding=\"async\" class=\"aligncenter wp-image-276 size-medium\" src=\"http:\/\/editorialguillermina.com.ar\/wp-content\/uploads\/2025\/05\/JESUS01-300x286.jpg\" alt=\"\" width=\"300\" height=\"286\" srcset=\"https:\/\/editorialguillermina.com.ar\/wp-content\/uploads\/2025\/05\/JESUS01-300x286.jpg 300w, https:\/\/editorialguillermina.com.ar\/wp-content\/uploads\/2025\/05\/JESUS01.jpg 420w\" sizes=\"auto, (max-width: 300px) 100vw, 300px\" \/><span style=\"color: #0000ff;\"><em><strong>Graduaci\u00f3n como Ingeniero en Telecomunicaciones. 19 de diciembre de 1975.<\/strong><\/em><\/span><\/p>\n<p style=\"text-align: justify;\"><img loading=\"lazy\" decoding=\"async\" class=\"size-full wp-image-277 aligncenter\" src=\"http:\/\/editorialguillermina.com.ar\/wp-content\/uploads\/2025\/05\/JESUS02.jpg\" alt=\"\" width=\"398\" height=\"299\" srcset=\"https:\/\/editorialguillermina.com.ar\/wp-content\/uploads\/2025\/05\/JESUS02.jpg 398w, https:\/\/editorialguillermina.com.ar\/wp-content\/uploads\/2025\/05\/JESUS02-300x225.jpg 300w\" sizes=\"auto, (max-width: 398px) 100vw, 398px\" \/><span style=\"color: #0000ff;\"><em><strong>Encuentro Po\u00e9tico \u201cLas voces del Famatina\u201d. 3 de mayo de 2024<\/strong><\/em><\/span><\/p>\n<p>&nbsp;<\/p>\n","protected":false},"excerpt":{"rendered":"<p>JES\u00daS MAT\u00cdAS FILOMENO OCAMPO SU BIOGRAFIA \u00a0\u00a0Nace en la ciudad de Chilecito, La Rioja, Argentina, el 30 de enero de 1945. Es Maestro Normal Nacional egresado de la Escuela Normal Mixta \u201cJoaqu\u00edn V. Gonz\u00e1lez\u201d de su ciudad natal. Es Ingeniero en Telecomunicaciones egresado de la Universidad Nacional de La Plata. Es estudiante de Abogac\u00eda en [&hellip;]<\/p>\n","protected":false},"author":1,"featured_media":0,"parent":0,"menu_order":0,"comment_status":"closed","ping_status":"closed","template":"","meta":{"footnotes":""},"class_list":["post-271","page","type-page","status-publish","hentry"],"_links":{"self":[{"href":"https:\/\/editorialguillermina.com.ar\/index.php\/wp-json\/wp\/v2\/pages\/271","targetHints":{"allow":["GET"]}}],"collection":[{"href":"https:\/\/editorialguillermina.com.ar\/index.php\/wp-json\/wp\/v2\/pages"}],"about":[{"href":"https:\/\/editorialguillermina.com.ar\/index.php\/wp-json\/wp\/v2\/types\/page"}],"author":[{"embeddable":true,"href":"https:\/\/editorialguillermina.com.ar\/index.php\/wp-json\/wp\/v2\/users\/1"}],"replies":[{"embeddable":true,"href":"https:\/\/editorialguillermina.com.ar\/index.php\/wp-json\/wp\/v2\/comments?post=271"}],"version-history":[{"count":7,"href":"https:\/\/editorialguillermina.com.ar\/index.php\/wp-json\/wp\/v2\/pages\/271\/revisions"}],"predecessor-version":[{"id":325,"href":"https:\/\/editorialguillermina.com.ar\/index.php\/wp-json\/wp\/v2\/pages\/271\/revisions\/325"}],"wp:attachment":[{"href":"https:\/\/editorialguillermina.com.ar\/index.php\/wp-json\/wp\/v2\/media?parent=271"}],"curies":[{"name":"wp","href":"https:\/\/api.w.org\/{rel}","templated":true}]}}