{"id":128,"date":"2024-09-07T20:40:05","date_gmt":"2024-09-07T20:40:05","guid":{"rendered":"http:\/\/editorialguillermina.com.ar\/?page_id=128"},"modified":"2024-09-13T15:08:03","modified_gmt":"2024-09-13T15:08:03","slug":"si-yo-fuera-cardon-de-alberto-gabriel-ocampo","status":"publish","type":"page","link":"https:\/\/editorialguillermina.com.ar\/index.php\/si-yo-fuera-cardon-de-alberto-gabriel-ocampo\/","title":{"rendered":"SI YO FUERA CARD\u00d3N DE ALBERTO GABRIEL OCAMPO"},"content":{"rendered":"<p style=\"text-align: center;\"><strong><u>SI YO FUERA CARD\u00d3N <\/u><\/strong><strong>\u00a0<\/strong><strong>DE ALBERTO GABRIEL OCAMPO<\/strong><\/p>\n<p style=\"text-align: center;\">Del libro \u201cCanto Ante el Mundo\u201d. Recital \u201cLirismo Monta\u00f1\u00e9s\u201d.<\/p>\n<h3 style=\"text-align: center;\"><strong>Si yo fuera card\u00f3n y las espinas<\/strong><\/h3>\n<h3 style=\"text-align: center;\"><strong>protegieran mi cuerpo erguido y firme,<\/strong><\/h3>\n<h3 style=\"text-align: center;\"><strong>tambi\u00e9n como el card\u00f3n de las colinas<\/strong><\/h3>\n<h3 style=\"text-align: center;\"><strong>no herir\u00eda sin que alguien venga a herirme.<\/strong><\/h3>\n<ul>\n<li style=\"text-align: center;\"><\/li>\n<\/ul>\n<h3><\/h3>\n<h3 style=\"text-align: center;\"><strong>Si yo fuera card\u00f3n y una flor pura<\/strong><\/h3>\n<h3 style=\"text-align: center;\"><strong>ostentara cual copa de asfodelo*,<\/strong><\/h3>\n<h3 style=\"text-align: center;\"><strong>como el card\u00f3n de la monta\u00f1a dura<\/strong><\/h3>\n<h3 style=\"text-align: center;\"><strong>la llenar\u00eda con bondad del cielo.<\/strong><\/h3>\n<h3 style=\"text-align: center;\"><\/h3>\n<ul>\n<li><\/li>\n<\/ul>\n<h3 style=\"text-align: center;\"><strong>Si yo fuera card\u00f3n y un buen hermano<\/strong><\/h3>\n<h3 style=\"text-align: center;\"><strong>viera en cada pendiente de la vida,<\/strong><\/h3>\n<h3 style=\"text-align: center;\"><strong>con las piedades del card\u00f3n serrano<\/strong><\/h3>\n<h3 style=\"text-align: center;\"><strong>sentir\u00eda el dolor de cada herida.<\/strong><\/h3>\n<h3 style=\"text-align: center;\"><\/h3>\n<ul>\n<li><\/li>\n<\/ul>\n<h3 style=\"text-align: center;\"><strong>Si yo fuera card\u00f3n y un punto fijo<\/strong><\/h3>\n<h3 style=\"text-align: center;\"><strong>Dios me diera en el campo soledoso,<\/strong><\/h3>\n<h3 style=\"text-align: center;\"><strong>como el card\u00f3n que finge un crucifijo<\/strong><\/h3>\n<h3 style=\"text-align: center;\"><strong>no ansiar\u00eda otro que el que sufro o gozo.<\/strong><\/h3>\n<h3 style=\"text-align: center;\"><\/h3>\n<ul>\n<li><\/li>\n<\/ul>\n<h3 style=\"text-align: center;\"><strong>Herir sin haber sido herido nunca;<\/strong><\/h3>\n<h3 style=\"text-align: center;\"><strong>hacer mal sin que mal nos hayan hecho;<\/strong><\/h3>\n<h3 style=\"text-align: center;\"><strong>ser enemigo por estima trunca;<\/strong><\/h3>\n<h3 style=\"text-align: center;\"><strong>anhelar de lo ajeno y sin derecho,<\/strong><\/h3>\n<h3 style=\"text-align: center;\"><\/h3>\n<ul>\n<li><\/li>\n<\/ul>\n<h3 style=\"text-align: center;\"><strong>eso no es propio de hombres como el roble;<\/strong><\/h3>\n<h3 style=\"text-align: center;\"><strong>eso es de almas que viven como inertes;<\/strong><\/h3>\n<h3 style=\"text-align: center;\"><strong>mientras que ser como el card\u00f3n es noble,<\/strong><\/h3>\n<h3 style=\"text-align: center;\"><strong>\u00a1y la nobleza es cu\u00f1o de los fuertes!<\/strong><\/h3>\n<h3><img loading=\"lazy\" decoding=\"async\" class=\"aligncenter size-medium wp-image-129\" src=\"http:\/\/editorialguillermina.com.ar\/wp-content\/uploads\/2024\/09\/fotocardon-222x300.jpg\" alt=\"\" width=\"222\" height=\"300\" srcset=\"https:\/\/editorialguillermina.com.ar\/wp-content\/uploads\/2024\/09\/fotocardon-222x300.jpg 222w, https:\/\/editorialguillermina.com.ar\/wp-content\/uploads\/2024\/09\/fotocardon.jpg 322w\" sizes=\"auto, (max-width: 222px) 100vw, 222px\" \/><\/h3>\n<p style=\"text-align: center;\"><strong>Tarde de Oto\u00f1o: Luis Landi. Concentraci\u00f3n Panor\u00e1mica de Chilecito, La Rioja,<\/strong><\/p>\n<p style=\"text-align: center;\"><strong>desde el cerrito Portezuelo (1934)<\/strong><\/p>\n<p style=\"text-align: center;\"><strong>Ilustraci\u00f3n del libro \u201cCanto Ante el Mundo\u201d<\/strong><\/p>\n<p style=\"text-align: center;\"><strong>**********************************<\/strong><\/p>\n<p style=\"text-align: center;\"><strong><u>*asfodelo<\/u>: Licencia po\u00e9tica por <u>asf\u00f3delo<\/u><\/strong><\/p>\n<p><strong>\u00a0<\/strong><\/p>\n<p style=\"text-align: justify;\"><strong>ALBERTO GABRIEL OCAMPO: <\/strong>Naci\u00f3 en Sa\u00f1ogasta (La Rioja) el 16 de Octubre de 1901 y muri\u00f3 en Chilecito (La Rioja)\u00a0 el 1\u00ba de Octubre de 1979. Maestro Normal Nacional, fue designado Profesor de Literatura en virtud de su calificada obra Literaria. Se destac\u00f3 adem\u00e1s como pol\u00edtico, impresor, conferencista y periodista. Sus creaciones literarias en prosa y verso fueron publicadas en nuestro pa\u00eds y en el extranjero.<\/p>\n<p style=\"text-align: justify;\">Sus obras\u00a0 publicadas\u00a0 son: \u201cPreludio en la Monta\u00f1a\u201d (1924); \u201cNatal\u201d (1926); \u201cCanto ante el mundo\u201d (Primera edici\u00f3n 1934, Segunda edici\u00f3n 1978), \u201cLa canci\u00f3n de los Valles\u201d (1941);\u00a0 \u201cLas almas de K\u00fantur\u201d (1941); \u201cEl pensador de Samay Huasi\u201d\u00a0 (1962); \u201cEl milagro en la tradici\u00f3n\u201d (1972);\u00a0 \u201cAudici\u00f3n L\u00edrica\u201d (1988), Primera Edici\u00f3n P\u00f3stuma, se present\u00f3 en Chilecito (La Rioja) y en Chos Malal (Neuqu\u00e9n) en 1998; \u201cEl Venado de Oro\u201d (2005), Primera Edici\u00f3n P\u00f3stuma, se present\u00f3 el 15\/10\/2005 en\u00a0 Chilecito y el 16 en Sa\u00f1ogasta., en las respectivas casas del poeta. En diciembre de 2017 se present\u00f3 la primera Edici\u00f3n P\u00f3stuma de \u201cEl llanto de las Cumbres\u201d en el Sal\u00f3n de Actos de la Escuela Normal Superior \u201cJoaqu\u00edn V. Gonz\u00e1lez\u201d de Chilecito.<\/p>\n<p style=\"text-align: justify;\">En su impresora K\u00fantur de Chilecito, public\u00f3 los peri\u00f3dicos \u201cLa Voz del Oeste\u201d (1932) y \u201cK\u00fantur\u201d (1936). Asimismo all\u00ed edit\u00f3 con sus propias manos\u00a0 y en forma casi artesanal sus libros \u201cLa canci\u00f3n de los Valles\u201d (1941) y \u201cLas almas de K\u00fantur\u201d (1941). Su hija e hijos continuamos la publicaci\u00f3n de su extensa obra in\u00e9dita.<\/p>\n<p style=\"text-align: justify;\">Una calle en Chilecito, una Biblioteca en Vinchina, la Sala del CENIELAR en La Rioja Capital y una Sala del Museo Molino San Francisco en Chilecito, que cuenta con una vitrina con su capa y otros efectos personales y de su impresora y ediciones originales de sus libros, llevan su nombre. Su casa en Sa\u00f1ogasta, en el Paraje \u201cEl Brete\u201d, declarada Patrimonio Hist\u00f3rico en 2001, restaurada por el Municipio de Chilecito en 2004 e inaugurada como Biblioteca P\u00fablica el 26\/08\/2005, y su casa en Chilecito, Jos\u00e9 Hern\u00e1ndez 67\/75, que su hija e hijos conservamos como lo que fueron durante su vida y la de su esposa Guillermina Soprano Galea, y como ellos la dejaron al morir, ser\u00e1n en forma permanente <strong>\u201cUN ESPACIO PARA EL CULTO DE LA AMISTAD Y DE LA POES\u00cdA VIVA\u201d<\/strong>. Ambas pueden ser visitadas y utilizadas para la realizaci\u00f3n de actividades culturales, art\u00edsticas y educativas. El esp\u00edritu de Do\u00f1a Guillermina y el del poeta, habitan en ellas.<\/p>\n<p style=\"text-align: justify;\"><strong>REFERENCIAS:<\/strong> Ruth Nicolasa Victoria Ocampo de D\u00edaz. Joaqu\u00edn V. Gonz\u00e1lez 574. (5360) Chilecito. La Rioja. Tel\u00e9fono: 03825 422174. Correo Electr\u00f3nico: <a href=\"mailto:ruthocampo46@hotmail.com\">ruthocampo46@hotmail.com<\/a>.\u00a0 Jes\u00fas Mat\u00edas Filomeno Ocampo: 50 N\u00ba 2992 (154 bis y155) (1900) La Plata. Bs. As. Correo Electr\u00f3nico: <a href=\"mailto:jmfocampo@ciudad.com.ar\">jmfocampo@<\/a>gmail.cm M\u00f3vil: 3825525996 Fijo: 03825420153. Jos\u00e9 Hern\u00e1ndez 67\/75 Barrio Centro. (5360) Chilecito. La Rioja<\/p>\n","protected":false},"excerpt":{"rendered":"<p>SI YO FUERA CARD\u00d3N \u00a0DE ALBERTO GABRIEL OCAMPO Del libro \u201cCanto Ante el Mundo\u201d. Recital \u201cLirismo Monta\u00f1\u00e9s\u201d. Si yo fuera card\u00f3n y las espinas protegieran mi cuerpo erguido y firme, tambi\u00e9n como el card\u00f3n de las colinas no herir\u00eda sin que alguien venga a herirme. Si yo fuera card\u00f3n y una flor pura ostentara cual [&hellip;]<\/p>\n","protected":false},"author":1,"featured_media":0,"parent":0,"menu_order":0,"comment_status":"closed","ping_status":"closed","template":"","meta":{"footnotes":""},"class_list":["post-128","page","type-page","status-publish","hentry"],"_links":{"self":[{"href":"https:\/\/editorialguillermina.com.ar\/index.php\/wp-json\/wp\/v2\/pages\/128","targetHints":{"allow":["GET"]}}],"collection":[{"href":"https:\/\/editorialguillermina.com.ar\/index.php\/wp-json\/wp\/v2\/pages"}],"about":[{"href":"https:\/\/editorialguillermina.com.ar\/index.php\/wp-json\/wp\/v2\/types\/page"}],"author":[{"embeddable":true,"href":"https:\/\/editorialguillermina.com.ar\/index.php\/wp-json\/wp\/v2\/users\/1"}],"replies":[{"embeddable":true,"href":"https:\/\/editorialguillermina.com.ar\/index.php\/wp-json\/wp\/v2\/comments?post=128"}],"version-history":[{"count":6,"href":"https:\/\/editorialguillermina.com.ar\/index.php\/wp-json\/wp\/v2\/pages\/128\/revisions"}],"predecessor-version":[{"id":143,"href":"https:\/\/editorialguillermina.com.ar\/index.php\/wp-json\/wp\/v2\/pages\/128\/revisions\/143"}],"wp:attachment":[{"href":"https:\/\/editorialguillermina.com.ar\/index.php\/wp-json\/wp\/v2\/media?parent=128"}],"curies":[{"name":"wp","href":"https:\/\/api.w.org\/{rel}","templated":true}]}}